{"id":11725,"date":"2014-04-02T20:52:45","date_gmt":"2014-04-02T18:52:45","guid":{"rendered":"http:\/\/natropie.zhp.pl\/?page_id=11725"},"modified":"2026-01-13T16:37:55","modified_gmt":"2026-01-13T15:37:55","slug":"redakcja","status":"publish","type":"page","link":"https:\/\/natropie.zhp.pl\/index.php\/redakcja\/","title":{"rendered":"Redakcja"},"content":{"rendered":"<table class=\"table\" style=\"height: 925px;\" width=\"899\" cellspacing=\"4\" cellpadding=\"2\">\n<colgroup>\n<col width=\"200\" \/>\n<col width=\"200\" \/>\n<col width=\"500\" \/> <\/colgroup>\n<tbody>\n<tr>\n<td width=\"108\">\n<p><a href=\"https:\/\/natropie.zhp.pl\/?s=&amp;autor=Patrycja+Kiryluk\"><span style=\"color: #000000;\"><span style=\"font-family: Verdana, Arial, Helvetica, sans-serif; font-size: 20px; font-weight: bold;\">Patrycja Kiryluk<\/span><\/span><\/a><\/td>\n<td width=\"158\">redaktor naczelna<\/td>\n<td width=\"362\">cz\u0142onkini komendy Hufca ZHP Mor\u0105g, instruktorka Chor\u0105gwi Warmi\u0144sko-Mazurskiej. Pracuje w dziale Edukacji, Promocji i Wydawnictw w Muzeum Warmii i Mazur w Olsztynie. Uwielbia cisz\u0119 muze\u00f3w, kolor fioletowy i wzajemno\u015b\u0107 oddzia\u0142ywa\u0144. Ci\u0105gle nie zdecydowa\u0142a, kt\u00f3r\u0105 z tych rzeczy lubi najbardziej.<\/td>\n<\/tr>\n<tr>\n<td width=\"108\"><a href=\"https:\/\/natropie.zhp.pl\/?s=&amp;autor=Julia+Gierasimiuk\"><span style=\"color: #000000;\"><span style=\"font-family: Verdana, Arial, Helvetica, sans-serif; font-size: 20px; font-weight: bold;\">Julia Gierasimiuk<\/span><\/span><\/a><\/td>\n<td width=\"158\">zast\u0119pczyni redaktor naczelnej, szefowa dzia\u0142u Wa\u017cny Trop, szefowa Zespo\u0142u Promocji Na Tropie<\/td>\n<td width=\"362\">instruktorka szukaj\u0105ca miejsca, gdzie jeszcze jej nie ma, a gdzie mog\u0142aby by\u0107. Studentka polonistyki zafascynowana mn\u00f3stwem rzeczy, ale zbyt podekscytowana nimi, by zdecydowa\u0107 si\u0119 na tylko jedno. Lubi tylko czerwone d\u017cemy.<\/td>\n<\/tr>\n<tr>\n<td width=\"108\"><a href=\"https:\/\/natropie.zhp.pl\/?s=&amp;autor=Katarzyna+Lesiak\"><span style=\"color: #000000;\"><span style=\"font-family: Verdana, Arial, Helvetica, sans-serif; font-size: 20px; font-weight: bold;\">Katarzyna Lesiak<\/span><\/span><\/a><\/td>\n<td width=\"158\">autorka<\/td>\n<td width=\"362\">wieloletnia dru\u017cynowa harcerska w podwarszawskim hufcu. Studentka (nie tylko) filologii polskiej. Cz\u0119sto szuka drugiego, a nawet trzeciego dna. Czyta wszystko, co wpadnie jej w r\u0119ce, ale rzadko do ko\u0144ca. Nic, co harcerskie, nie jest jej obce.<\/td>\n<\/tr>\n<tr>\n<td width=\"108\"><a href=\"https:\/\/natropie.zhp.pl\/?s=&amp;autor=Joanna+Sztanka\"><span style=\"color: #000000;\"><span style=\"font-family: Verdana, Arial, Helvetica, sans-serif; font-size: 20px; font-weight: bold;\">Agnieszka B\u0105der-Chudy<\/span><\/span><\/a><\/td>\n<td width=\"158\">autorka<\/td>\n<td width=\"362\">po dekadzie poza ZHP jest w procesie wracania do organizacji. Zawodowo zajmuje si\u0119 koordynacj\u0105 projekt\u00f3w i zespo\u0142\u00f3w. Obecnie pracuje w instytucie badawczym. Jest \u017con\u0105 i mam\u0105 dw\u00f3jki przedszkolak\u00f3w. Lubi pisa\u0107, czyta\u0107 i w\u0119drowa\u0107.<\/td>\n<\/tr>\n<tr>\n<td width=\"108\"><a href=\"https:\/\/natropie.zhp.pl\/?s=&amp;autor=Zuzanna+Gawe\u0142\"><span style=\"color: #000000;\"><span style=\"font-family: Verdana, Arial, Helvetica, sans-serif; font-size: 20px; font-weight: bold;\">Zuzanna Gawe\u0142<\/span><\/span><\/a><\/td>\n<td width=\"158\">autorka, cz\u0142onkini Zespo\u0142u Promocji Na Tropie<\/td>\n<td width=\"362\">dru\u017cynowa 59 Wodnej Dru\u017cyny Harcerskiej z Hufca ZHP Rzesz\u00f3w. Cz\u0142onkini Zespo\u0142u Promocji Chor\u0105gwi Podkarpackiej. Uwielbia copywriting. Prywatnie trenuje siatk\u00f3wk\u0119, gra na gitarze, czyta du\u017co ksi\u0105\u017cek i kocha wszystkie pieski, a szczeg\u00f3lnie w\u0142asnego.<\/td>\n<\/tr>\n<tr>\n<td width=\"108\"><a href=\"https:\/\/natropie.zhp.pl\/?s=&amp;autor=Micha\u0142+Gil\"><span style=\"color: #000000;\"><span style=\"font-family: Verdana, Arial, Helvetica, sans-serif; font-size: 20px; font-weight: bold;\">Micha\u0142 Gil<\/span><\/span><\/a><\/td>\n<td width=\"158\">autor<\/td>\n<td width=\"362\">instruktor Hufca Kielce-Miasto, student dziennikarstwa specjalizuj\u0105cy si\u0119 w fotografii, nigdy nie rozstaje si\u0119 ze s\u0142uchawkami i muzyk\u0105 alternatywn\u0105.<\/td>\n<\/tr>\n<tr>\n<td width=\"108\"><a href=\"https:\/\/natropie.zhp.pl\/?s=&amp;autor=Rados\u0142aw+Rosiejka\"><span style=\"color: #000000;\"><span style=\"font-family: Verdana, Arial, Helvetica, sans-serif; font-size: 20px; font-weight: bold;\">Rados\u0142aw Rosiejka<\/span><\/span><\/a><\/td>\n<td width=\"158\">autor<\/td>\n<td width=\"362\">redaktor naczelny Na Tropie w latach 2017-2023, instruktor Zespo\u0142u W\u0119drowniczego WWM GK ZHP, przez dwa lata dru\u017cynowy dru\u017cyny w\u0119drowniczej w Hufcu &#8222;Piast&#8221; Pozna\u0144-Stare Miasto. Lubi je\u017adzi\u0107 na rowerze i s\u0142ucha\u0107 muzyki, ale nie robi tego r\u00f3wnocze\u015bnie.<\/td>\n<\/tr>\n<tr>\n<td width=\"108\"><span style=\"color: #000000;\"><span style=\"font-family: Verdana, Arial, Helvetica, sans-serif; font-size: 20px; font-weight: bold;\">Barbara Oko\u0144ska<\/span><\/span><\/td>\n<td width=\"158\">graficzka, cz\u0142onkini Zespo\u0142u Promocji Na Tropie<\/td>\n<td width=\"362\">dru\u017cynowa 10 Kwidzy\u0144skiej Dru\u017cyny Harcerskiej \u201eIgnis\u201d, dzia\u0142aj\u0105cej w Hufcu ZHP Kwidzyn im. Kwidzyniak\u00f3w. Uczennica liceum na profilu prawniczo-j\u0119zykowym. Uwielbia robi\u0107 zdj\u0119cia i filmy. Niedawno odkry\u0142a w sobie pasj\u0119 do tworzenia grafik.<\/td>\n<\/tr>\n<tr>\n<td width=\"108\"><span style=\"color: #000000;\"><span style=\"font-family: Verdana, Arial, Helvetica, sans-serif; font-size: 20px; font-weight: bold;\">Aniela Nowak<\/span><\/span><\/td>\n<td width=\"158\">\u00a0graficzka, cz\u0142onkini Zespo\u0142u Promocji Na Tropie<\/td>\n<td width=\"362\">przyboczna w 60 GZ &#8222;To Tajemnica&#8221;, z Hufca Suwa\u0142ki. Dzia\u0142a w hufcowym zespole promocji i anga\u017cuje si\u0119 w dru\u017cyn\u0119 reprezentacyjn\u0105.<\/td>\n<\/tr>\n<tr>\n<td width=\"108\"><span style=\"color: #000000;\"><span style=\"font-family: Verdana, Arial, Helvetica, sans-serif; font-size: 20px; font-weight: bold;\">Weronika Kutera<\/span><\/span><\/td>\n<td width=\"158\">korektorka<\/td>\n<td width=\"362\">Maturzystka i w\u0119drowniczka. Robi wszystko, co trafi w jej r\u0119ce. Wsz\u0119dzie jej pe\u0142no, o ile nie ma tam problemu z dojazdem.<\/td>\n<\/tr>\n<tr>\n<td width=\"108\"><\/td>\n<td width=\"158\"><\/td>\n<td width=\"362\"><\/td>\n<\/tr>\n<tr>\n<td width=\"108\"><\/td>\n<td width=\"158\"><\/td>\n<td width=\"362\"><\/td>\n<\/tr>\n<tr>\n<td width=\"108\"><\/td>\n<td width=\"158\"><\/td>\n<td width=\"362\"><\/td>\n<\/tr>\n<\/tbody>\n<\/table>\n","protected":false},"excerpt":{"rendered":"<p>Patrycja Kiryluk redaktor naczelna cz\u0142onkini komendy Hufca ZHP Mor\u0105g, instruktorka Chor\u0105gwi Warmi\u0144sko-Mazurskiej. Pracuje w dziale Edukacji, Promocji i Wydawnictw w Muzeum Warmii i Mazur w Olsztynie. Uwielbia cisz\u0119 muze\u00f3w, kolor fioletowy i wzajemno\u015b\u0107 oddzia\u0142ywa\u0144. Ci\u0105gle nie zdecydowa\u0142a, kt\u00f3r\u0105 z tych rzeczy lubi najbardziej. Julia Gierasimiuk zast\u0119pczyni redaktor naczelnej, szefowa dzia\u0142u Wa\u017cny Trop, szefowa Zespo\u0142u Promocji [&#8230;]<\/p>\n","protected":false},"author":152,"featured_media":0,"parent":0,"menu_order":0,"comment_status":"open","ping_status":"open","template":"","meta":{"_acf_changed":false,"_exactmetrics_skip_tracking":false,"_exactmetrics_sitenote_active":false,"_exactmetrics_sitenote_note":"","_exactmetrics_sitenote_category":0,"footnotes":""},"class_list":["post-11725","page","type-page","status-publish","hentry"],"acf":[],"_links":{"self":[{"href":"https:\/\/natropie.zhp.pl\/index.php\/wp-json\/wp\/v2\/pages\/11725","targetHints":{"allow":["GET"]}}],"collection":[{"href":"https:\/\/natropie.zhp.pl\/index.php\/wp-json\/wp\/v2\/pages"}],"about":[{"href":"https:\/\/natropie.zhp.pl\/index.php\/wp-json\/wp\/v2\/types\/page"}],"author":[{"embeddable":true,"href":"https:\/\/natropie.zhp.pl\/index.php\/wp-json\/wp\/v2\/users\/152"}],"replies":[{"embeddable":true,"href":"https:\/\/natropie.zhp.pl\/index.php\/wp-json\/wp\/v2\/comments?post=11725"}],"version-history":[{"count":72,"href":"https:\/\/natropie.zhp.pl\/index.php\/wp-json\/wp\/v2\/pages\/11725\/revisions"}],"predecessor-version":[{"id":32861,"href":"https:\/\/natropie.zhp.pl\/index.php\/wp-json\/wp\/v2\/pages\/11725\/revisions\/32861"}],"wp:attachment":[{"href":"https:\/\/natropie.zhp.pl\/index.php\/wp-json\/wp\/v2\/media?parent=11725"}],"curies":[{"name":"wp","href":"https:\/\/api.w.org\/{rel}","templated":true}]}}