{"id":11729,"date":"2014-04-02T20:53:35","date_gmt":"2014-04-02T18:53:35","guid":{"rendered":"http:\/\/natropie.zhp.pl\/?page_id=11729"},"modified":"2023-02-15T22:42:33","modified_gmt":"2023-02-15T21:42:33","slug":"kontakt","status":"publish","type":"page","link":"https:\/\/natropie.zhp.pl\/index.php\/kontakt\/","title":{"rendered":"Kontakt"},"content":{"rendered":"<p><strong>Bardzo lubimy, gdy do nas piszecie. Je\u015bli chcesz podzieli\u0107 si\u0119 z nami spostrze\u017ceniami o naszej aplikacji mobilnej lub stronie internetowej, poprosi\u0107 o patronat medialny, nawi\u0105za\u0107 wsp\u00f3\u0142prac\u0119 albo napisa\u0107 w jakiejkolwiek innej sprawie to b\u0119dzie nam bardzo mi\u0142o:<\/strong><\/p>\n<p><a href=\"mailto:natropie@zhp.pl\" target=\"_blank\" rel=\"noopener noreferrer\"><strong>natropie@zhp.pl<\/strong><\/a><\/p>\n<p>Zach\u0119camy te\u017c do \u015bledzenia naszej<a href=\"https:\/\/www.facebook.com\/NaTropie\" target=\"_blank\" rel=\"noopener noreferrer\"> strony na Facebooku<\/a> oraz <a href=\"https:\/\/www.instagram.com\/natropie\/\">Instagramie.<\/a><\/p>\n<p>Bardzo lubimy, gdy do nas piszecie i z szacunku do was mamy polityk\u0119 prywatno\u015bci. Znajdziecie j\u0105 pod tym <a href=\"https:\/\/zhp.pl\/rodo\">linkiem<\/a>.<\/p>\n","protected":false},"excerpt":{"rendered":"<p>Bardzo lubimy, gdy do nas piszecie. Je\u015bli chcesz podzieli\u0107 si\u0119 z nami spostrze\u017ceniami o naszej aplikacji mobilnej lub stronie internetowej, poprosi\u0107 o patronat medialny, nawi\u0105za\u0107 wsp\u00f3\u0142prac\u0119 albo napisa\u0107 w jakiejkolwiek innej sprawie to b\u0119dzie nam bardzo mi\u0142o: natropie@zhp.pl Zach\u0119camy te\u017c do \u015bledzenia naszej strony na Facebooku oraz Instagramie. Bardzo lubimy, gdy do nas piszecie i [&#8230;]<\/p>\n","protected":false},"author":152,"featured_media":0,"parent":0,"menu_order":0,"comment_status":"open","ping_status":"open","template":"","meta":{"_acf_changed":false,"_exactmetrics_skip_tracking":false,"_exactmetrics_sitenote_active":false,"_exactmetrics_sitenote_note":"","_exactmetrics_sitenote_category":0,"footnotes":""},"class_list":["post-11729","page","type-page","status-publish","hentry"],"acf":[],"_links":{"self":[{"href":"https:\/\/natropie.zhp.pl\/index.php\/wp-json\/wp\/v2\/pages\/11729","targetHints":{"allow":["GET"]}}],"collection":[{"href":"https:\/\/natropie.zhp.pl\/index.php\/wp-json\/wp\/v2\/pages"}],"about":[{"href":"https:\/\/natropie.zhp.pl\/index.php\/wp-json\/wp\/v2\/types\/page"}],"author":[{"embeddable":true,"href":"https:\/\/natropie.zhp.pl\/index.php\/wp-json\/wp\/v2\/users\/152"}],"replies":[{"embeddable":true,"href":"https:\/\/natropie.zhp.pl\/index.php\/wp-json\/wp\/v2\/comments?post=11729"}],"version-history":[{"count":14,"href":"https:\/\/natropie.zhp.pl\/index.php\/wp-json\/wp\/v2\/pages\/11729\/revisions"}],"predecessor-version":[{"id":31802,"href":"https:\/\/natropie.zhp.pl\/index.php\/wp-json\/wp\/v2\/pages\/11729\/revisions\/31802"}],"wp:attachment":[{"href":"https:\/\/natropie.zhp.pl\/index.php\/wp-json\/wp\/v2\/media?parent=11729"}],"curies":[{"name":"wp","href":"https:\/\/api.w.org\/{rel}","templated":true}]}}